{"id":244,"date":"2024-06-03T15:14:02","date_gmt":"2024-06-03T15:14:02","guid":{"rendered":"https:\/\/esternicola.com\/?page_id=244"},"modified":"2025-01-05T16:44:26","modified_gmt":"2025-01-05T16:44:26","slug":"autoestima-dependencia-emocional","status":"publish","type":"page","link":"https:\/\/esternicola.com\/cat\/autoestima-dependencia-emocional\/","title":{"rendered":"Blog"},"content":{"rendered":"\t\t<div data-elementor-type=\"wp-page\" data-elementor-id=\"244\" class=\"elementor elementor-244\" data-elementor-post-type=\"page\">\n\t\t\t\t<div class=\"elementor-element elementor-element-47a87eae e-con-full e-flex e-con e-parent\" data-id=\"47a87eae\" data-element_type=\"container\" data-e-type=\"container\" data-settings=\"{&quot;background_background&quot;:&quot;slideshow&quot;,&quot;background_slideshow_gallery&quot;:[],&quot;background_slideshow_loop&quot;:&quot;yes&quot;,&quot;background_slideshow_slide_duration&quot;:5000,&quot;background_slideshow_slide_transition&quot;:&quot;fade&quot;,&quot;background_slideshow_transition_duration&quot;:500}\">\n\t\t<div class=\"elementor-element elementor-element-20457dfd e-con-full e-flex e-con e-child\" data-id=\"20457dfd\" data-element_type=\"container\" data-e-type=\"container\" data-settings=\"{&quot;background_background&quot;:&quot;classic&quot;}\">\n\t\t\t\t<div class=\"elementor-element elementor-element-77d488f6 elementor-widget elementor-widget-heading\" data-id=\"77d488f6\" data-element_type=\"widget\" data-e-type=\"widget\" data-settings=\"{&quot;motion_fx_motion_fx_scrolling&quot;:&quot;yes&quot;,&quot;motion_fx_devices&quot;:[&quot;desktop&quot;,&quot;tablet&quot;,&quot;mobile&quot;]}\" data-widget_type=\"heading.default\">\n\t\t\t\t<div class=\"elementor-widget-container\">\n\t\t\t\t\t<h1 class=\"elementor-heading-title elementor-size-default\">BLOG<\/h1>\t\t\t\t<\/div>\n\t\t\t\t<\/div>\n\t\t\t\t<\/div>\n\t\t\t\t<\/div>\n\t\t<div class=\"elementor-element elementor-element-34cf1cc5 e-flex e-con-boxed e-con e-parent\" data-id=\"34cf1cc5\" data-element_type=\"container\" data-e-type=\"container\">\n\t\t\t\t\t<div class=\"e-con-inner\">\n\t\t\t\t<div class=\"elementor-element elementor-element-5886b455 elementor-grid-3 elementor-grid-tablet-2 elementor-grid-mobile-1 elementor-posts--thumbnail-top elementor-posts__hover-gradient elementor-widget elementor-widget-posts\" data-id=\"5886b455\" data-element_type=\"widget\" data-e-type=\"widget\" data-settings=\"{&quot;cards_row_gap&quot;:{&quot;unit&quot;:&quot;px&quot;,&quot;size&quot;:80,&quot;sizes&quot;:[]},&quot;cards_row_gap_tablet&quot;:{&quot;unit&quot;:&quot;px&quot;,&quot;size&quot;:71,&quot;sizes&quot;:[]},&quot;cards_row_gap_mobile&quot;:{&quot;unit&quot;:&quot;px&quot;,&quot;size&quot;:30,&quot;sizes&quot;:[]},&quot;pagination_type&quot;:&quot;prev_next&quot;,&quot;cards_columns&quot;:&quot;3&quot;,&quot;cards_columns_tablet&quot;:&quot;2&quot;,&quot;cards_columns_mobile&quot;:&quot;1&quot;}\" data-widget_type=\"posts.cards\">\n\t\t\t\t<div class=\"elementor-widget-container\">\n\t\t\t\t\t\t\t<div class=\"elementor-posts-container elementor-posts elementor-posts--skin-cards elementor-grid\">\n\t\t\t\t<article class=\"elementor-post elementor-grid-item post-1389 post type-post status-publish format-standard has-post-thumbnail hentry category-relaciones-saludables\">\n\t\t\t<div class=\"elementor-post__card\">\n\t\t\t\t<a class=\"elementor-post__thumbnail__link\" href=\"https:\/\/esternicola.com\/cat\/por-que-atraes-siempre-al-mismo-tipo-de-pareja\/\" tabindex=\"-1\" ><div class=\"elementor-post__thumbnail\"><img fetchpriority=\"high\" decoding=\"async\" width=\"1120\" height=\"630\" src=\"https:\/\/esternicola.com\/wp-content\/uploads\/3.png\" class=\"attachment-full size-full wp-image-1371\" alt=\"\" srcset=\"https:\/\/esternicola.com\/wp-content\/uploads\/3.png 1120w, https:\/\/esternicola.com\/wp-content\/uploads\/3-300x169.png 300w, https:\/\/esternicola.com\/wp-content\/uploads\/3-1024x576.png 1024w, https:\/\/esternicola.com\/wp-content\/uploads\/3-768x432.png 768w, https:\/\/esternicola.com\/wp-content\/uploads\/3-18x10.png 18w\" sizes=\"(max-width: 1120px) 100vw, 1120px\" \/><\/div><\/a>\n\t\t\t\t<div class=\"elementor-post__text\">\n\t\t\t\t<h4 class=\"elementor-post__title\">\n\t\t\t<a href=\"https:\/\/esternicola.com\/cat\/por-que-atraes-siempre-al-mismo-tipo-de-pareja\/\" >\n\t\t\t\t\u00bfPor qu\u00e9 atraes siempre al mismo tipo de pareja?\t\t\t<\/a>\n\t\t<\/h4>\n\t\t\t\t\t<div class=\"elementor-post__read-more-wrapper\">\n\t\t\n\t\t<a class=\"elementor-post__read-more\" href=\"https:\/\/esternicola.com\/cat\/por-que-atraes-siempre-al-mismo-tipo-de-pareja\/\" aria-label=\"Read more about \u00bfPor qu\u00e9 atraes siempre al mismo tipo de pareja?\" tabindex=\"-1\" >\n\t\t\tLeer m\u00e1s\t\t<\/a>\n\n\t\t\t\t\t<\/div>\n\t\t\t\t<\/div>\n\t\t\t\t\t<\/div>\n\t\t<\/article>\n\t\t\t\t<article class=\"elementor-post elementor-grid-item post-1380 post type-post status-publish format-standard has-post-thumbnail hentry category-relaciones-saludables\">\n\t\t\t<div class=\"elementor-post__card\">\n\t\t\t\t<a class=\"elementor-post__thumbnail__link\" href=\"https:\/\/esternicola.com\/cat\/como-manejar-los-celos-en-pareja-y-dejar-de-sentir-inseguridad\/\" tabindex=\"-1\" ><div class=\"elementor-post__thumbnail\"><img decoding=\"async\" width=\"1120\" height=\"630\" src=\"https:\/\/esternicola.com\/wp-content\/uploads\/2-2.png\" class=\"attachment-full size-full wp-image-1370\" alt=\"\" srcset=\"https:\/\/esternicola.com\/wp-content\/uploads\/2-2.png 1120w, https:\/\/esternicola.com\/wp-content\/uploads\/2-2-300x169.png 300w, https:\/\/esternicola.com\/wp-content\/uploads\/2-2-1024x576.png 1024w, https:\/\/esternicola.com\/wp-content\/uploads\/2-2-768x432.png 768w, https:\/\/esternicola.com\/wp-content\/uploads\/2-2-18x10.png 18w\" sizes=\"(max-width: 1120px) 100vw, 1120px\" \/><\/div><\/a>\n\t\t\t\t<div class=\"elementor-post__text\">\n\t\t\t\t<h4 class=\"elementor-post__title\">\n\t\t\t<a href=\"https:\/\/esternicola.com\/cat\/como-manejar-los-celos-en-pareja-y-dejar-de-sentir-inseguridad\/\" >\n\t\t\t\tC\u00f3mo manejar los celos en pareja y dejar de sentir inseguridad\t\t\t<\/a>\n\t\t<\/h4>\n\t\t\t\t\t<div class=\"elementor-post__read-more-wrapper\">\n\t\t\n\t\t<a class=\"elementor-post__read-more\" href=\"https:\/\/esternicola.com\/cat\/como-manejar-los-celos-en-pareja-y-dejar-de-sentir-inseguridad\/\" aria-label=\"Read more about C\u00f3mo manejar los celos en pareja y dejar de sentir inseguridad\" tabindex=\"-1\" >\n\t\t\tLeer m\u00e1s\t\t<\/a>\n\n\t\t\t\t\t<\/div>\n\t\t\t\t<\/div>\n\t\t\t\t\t<\/div>\n\t\t<\/article>\n\t\t\t\t<article class=\"elementor-post elementor-grid-item post-1367 post type-post status-publish format-standard has-post-thumbnail hentry category-relaciones-saludables\">\n\t\t\t<div class=\"elementor-post__card\">\n\t\t\t\t<a class=\"elementor-post__thumbnail__link\" href=\"https:\/\/esternicola.com\/cat\/como-actuar-si-descubres-una-mentira-en-tu-relacion\/\" tabindex=\"-1\" ><div class=\"elementor-post__thumbnail\"><img decoding=\"async\" width=\"1120\" height=\"630\" src=\"https:\/\/esternicola.com\/wp-content\/uploads\/1-2.png\" class=\"attachment-full size-full wp-image-1369\" alt=\"\" srcset=\"https:\/\/esternicola.com\/wp-content\/uploads\/1-2.png 1120w, https:\/\/esternicola.com\/wp-content\/uploads\/1-2-300x169.png 300w, https:\/\/esternicola.com\/wp-content\/uploads\/1-2-1024x576.png 1024w, https:\/\/esternicola.com\/wp-content\/uploads\/1-2-768x432.png 768w, https:\/\/esternicola.com\/wp-content\/uploads\/1-2-18x10.png 18w\" sizes=\"(max-width: 1120px) 100vw, 1120px\" \/><\/div><\/a>\n\t\t\t\t<div class=\"elementor-post__text\">\n\t\t\t\t<h4 class=\"elementor-post__title\">\n\t\t\t<a href=\"https:\/\/esternicola.com\/cat\/como-actuar-si-descubres-una-mentira-en-tu-relacion\/\" >\n\t\t\t\tC\u00f3mo actuar si descubres una mentira en tu relaci\u00f3n\t\t\t<\/a>\n\t\t<\/h4>\n\t\t\t\t\t<div class=\"elementor-post__read-more-wrapper\">\n\t\t\n\t\t<a class=\"elementor-post__read-more\" href=\"https:\/\/esternicola.com\/cat\/como-actuar-si-descubres-una-mentira-en-tu-relacion\/\" aria-label=\"Read more about C\u00f3mo actuar si descubres una mentira en tu relaci\u00f3n\" tabindex=\"-1\" >\n\t\t\tLeer m\u00e1s\t\t<\/a>\n\n\t\t\t\t\t<\/div>\n\t\t\t\t<\/div>\n\t\t\t\t\t<\/div>\n\t\t<\/article>\n\t\t\t\t<article class=\"elementor-post elementor-grid-item post-1357 post type-post status-publish format-standard has-post-thumbnail hentry category-relaciones-saludables\">\n\t\t\t<div class=\"elementor-post__card\">\n\t\t\t\t<a class=\"elementor-post__thumbnail__link\" href=\"https:\/\/esternicola.com\/cat\/como-puedes-evitar-que-te-hagan-ghosting\/\" tabindex=\"-1\" ><div class=\"elementor-post__thumbnail\"><img loading=\"lazy\" decoding=\"async\" width=\"1120\" height=\"630\" src=\"https:\/\/esternicola.com\/wp-content\/uploads\/2.png\" class=\"attachment-full size-full wp-image-1288\" alt=\"\" srcset=\"https:\/\/esternicola.com\/wp-content\/uploads\/2.png 1120w, https:\/\/esternicola.com\/wp-content\/uploads\/2-300x169.png 300w, https:\/\/esternicola.com\/wp-content\/uploads\/2-1024x576.png 1024w, https:\/\/esternicola.com\/wp-content\/uploads\/2-768x432.png 768w, https:\/\/esternicola.com\/wp-content\/uploads\/2-18x10.png 18w\" sizes=\"(max-width: 1120px) 100vw, 1120px\" \/><\/div><\/a>\n\t\t\t\t<div class=\"elementor-post__text\">\n\t\t\t\t<h4 class=\"elementor-post__title\">\n\t\t\t<a href=\"https:\/\/esternicola.com\/cat\/como-puedes-evitar-que-te-hagan-ghosting\/\" >\n\t\t\t\t\u00bfC\u00f3mo puedes evitar que te hagan ghosting?\t\t\t<\/a>\n\t\t<\/h4>\n\t\t\t\t\t<div class=\"elementor-post__read-more-wrapper\">\n\t\t\n\t\t<a class=\"elementor-post__read-more\" href=\"https:\/\/esternicola.com\/cat\/como-puedes-evitar-que-te-hagan-ghosting\/\" aria-label=\"Read more about \u00bfC\u00f3mo puedes evitar que te hagan ghosting?\" tabindex=\"-1\" >\n\t\t\tLeer m\u00e1s\t\t<\/a>\n\n\t\t\t\t\t<\/div>\n\t\t\t\t<\/div>\n\t\t\t\t\t<\/div>\n\t\t<\/article>\n\t\t\t\t<article class=\"elementor-post elementor-grid-item post-1285 post type-post status-publish format-standard has-post-thumbnail hentry category-crecimiento-personal-y-proposito-de-vida\">\n\t\t\t<div class=\"elementor-post__card\">\n\t\t\t\t<a class=\"elementor-post__thumbnail__link\" href=\"https:\/\/esternicola.com\/cat\/vision-boards-para-trabajar-tu-autoestima-y-mejorar-tus-relaciones-de-pareja\/\" tabindex=\"-1\" ><div class=\"elementor-post__thumbnail\"><img loading=\"lazy\" decoding=\"async\" width=\"1120\" height=\"630\" src=\"https:\/\/esternicola.com\/wp-content\/uploads\/1.png\" class=\"attachment-full size-full wp-image-1287\" alt=\"\" srcset=\"https:\/\/esternicola.com\/wp-content\/uploads\/1.png 1120w, https:\/\/esternicola.com\/wp-content\/uploads\/1-300x169.png 300w, https:\/\/esternicola.com\/wp-content\/uploads\/1-1024x576.png 1024w, https:\/\/esternicola.com\/wp-content\/uploads\/1-768x432.png 768w, https:\/\/esternicola.com\/wp-content\/uploads\/1-18x10.png 18w\" sizes=\"(max-width: 1120px) 100vw, 1120px\" \/><\/div><\/a>\n\t\t\t\t<div class=\"elementor-post__text\">\n\t\t\t\t<h4 class=\"elementor-post__title\">\n\t\t\t<a href=\"https:\/\/esternicola.com\/cat\/vision-boards-para-trabajar-tu-autoestima-y-mejorar-tus-relaciones-de-pareja\/\" >\n\t\t\t\tVision boards para trabajar tu autoestima y mejorar tus relaciones de pareja\t\t\t<\/a>\n\t\t<\/h4>\n\t\t\t\t\t<div class=\"elementor-post__read-more-wrapper\">\n\t\t\n\t\t<a class=\"elementor-post__read-more\" href=\"https:\/\/esternicola.com\/cat\/vision-boards-para-trabajar-tu-autoestima-y-mejorar-tus-relaciones-de-pareja\/\" aria-label=\"Read more about Vision boards para trabajar tu autoestima y mejorar tus relaciones de pareja\" tabindex=\"-1\" >\n\t\t\tLeer m\u00e1s\t\t<\/a>\n\n\t\t\t\t\t<\/div>\n\t\t\t\t<\/div>\n\t\t\t\t\t<\/div>\n\t\t<\/article>\n\t\t\t\t<article class=\"elementor-post elementor-grid-item post-1179 post type-post status-publish format-standard has-post-thumbnail hentry category-aa\">\n\t\t\t<div class=\"elementor-post__card\">\n\t\t\t\t<a class=\"elementor-post__thumbnail__link\" href=\"https:\/\/esternicola.com\/cat\/una-reflexion-desde-la-autoestima-y-el-amor-propio\/\" tabindex=\"-1\" ><div class=\"elementor-post__thumbnail\"><img loading=\"lazy\" decoding=\"async\" width=\"1120\" height=\"630\" src=\"https:\/\/esternicola.com\/wp-content\/uploads\/1-1.png\" class=\"attachment-full size-full wp-image-1341\" alt=\"\" srcset=\"https:\/\/esternicola.com\/wp-content\/uploads\/1-1.png 1120w, https:\/\/esternicola.com\/wp-content\/uploads\/1-1-300x169.png 300w, https:\/\/esternicola.com\/wp-content\/uploads\/1-1-1024x576.png 1024w, https:\/\/esternicola.com\/wp-content\/uploads\/1-1-768x432.png 768w, https:\/\/esternicola.com\/wp-content\/uploads\/1-1-18x10.png 18w\" sizes=\"(max-width: 1120px) 100vw, 1120px\" \/><\/div><\/a>\n\t\t\t\t<div class=\"elementor-post__text\">\n\t\t\t\t<h4 class=\"elementor-post__title\">\n\t\t\t<a href=\"https:\/\/esternicola.com\/cat\/una-reflexion-desde-la-autoestima-y-el-amor-propio\/\" >\n\t\t\t\tRegalos de Navidad que no necesitas: Una reflexi\u00f3n desde la autoestima y el amor propio\t\t\t<\/a>\n\t\t<\/h4>\n\t\t\t\t\t<div class=\"elementor-post__read-more-wrapper\">\n\t\t\n\t\t<a class=\"elementor-post__read-more\" href=\"https:\/\/esternicola.com\/cat\/una-reflexion-desde-la-autoestima-y-el-amor-propio\/\" aria-label=\"Read more about Regalos de Navidad que no necesitas: Una reflexi\u00f3n desde la autoestima y el amor propio\" tabindex=\"-1\" >\n\t\t\tLeer m\u00e1s\t\t<\/a>\n\n\t\t\t\t\t<\/div>\n\t\t\t\t<\/div>\n\t\t\t\t\t<\/div>\n\t\t<\/article>\n\t\t\t\t<\/div>\n\t\t\n\t\t\t\t<div class=\"e-load-more-anchor\" data-page=\"1\" data-max-page=\"2\" data-next-page=\"https:\/\/esternicola.com\/cat\/?e-page-5886b455=2\"><\/div>\n\t\t\t\t<nav class=\"elementor-pagination\" aria-label=\"Paginaci\u00f3\">\n\t\t\t<span class=\"page-numbers prev\">&laquo; Anterior<\/span>\n<a class=\"page-numbers next\" href=\"https:\/\/esternicola.com\/cat\/?e-page-5886b455=2\">Siguiente &raquo;<\/a>\t\t<\/nav>\n\t\t\t\t\t\t<\/div>\n\t\t\t\t<\/div>\n\t\t\t\t\t<\/div>\n\t\t\t\t<\/div>\n\t\t<footer class=\"elementor-element elementor-element-2a41610c e-flex e-con-boxed e-con e-parent\" data-id=\"2a41610c\" data-element_type=\"container\" data-e-type=\"container\" data-settings=\"{&quot;background_background&quot;:&quot;classic&quot;,&quot;background_motion_fx_motion_fx_scrolling&quot;:&quot;yes&quot;,&quot;background_motion_fx_translateY_effect&quot;:&quot;yes&quot;,&quot;background_motion_fx_translateY_speed&quot;:{&quot;unit&quot;:&quot;px&quot;,&quot;size&quot;:4,&quot;sizes&quot;:[]},&quot;background_motion_fx_translateY_affectedRange&quot;:{&quot;unit&quot;:&quot;%&quot;,&quot;size&quot;:&quot;&quot;,&quot;sizes&quot;:{&quot;start&quot;:0,&quot;end&quot;:100}},&quot;background_motion_fx_devices&quot;:[&quot;desktop&quot;,&quot;tablet&quot;,&quot;mobile&quot;]}\">\n\t\t\t\t\t<div class=\"e-con-inner\">\n\t\t\t\t<div class=\"elementor-element elementor-element-36c5a105 elementor-widget elementor-widget-heading\" data-id=\"36c5a105\" data-element_type=\"widget\" data-e-type=\"widget\" data-widget_type=\"heading.default\">\n\t\t\t\t<div class=\"elementor-widget-container\">\n\t\t\t\t\t<h2 class=\"elementor-heading-title elementor-size-default\">Newsletter is comming...<\/h2>\t\t\t\t<\/div>\n\t\t\t\t<\/div>\n\t\t\t\t<div class=\"elementor-element elementor-element-9712e6e elementor-widget elementor-widget-text-editor\" data-id=\"9712e6e\" data-element_type=\"widget\" data-e-type=\"widget\" data-widget_type=\"text-editor.default\">\n\t\t\t\t<div class=\"elementor-widget-container\">\n\t\t\t\t\t\t\t\t\t<p>Estoy trabajando para que en breve recibas peque\u00f1as p\u00edldoras informativas y te resulte m\u00e1s f\u00e1cil encontrar tu prop\u00f3sito.<\/p><p>Mientras tanto, puedes inscribirte para ser la primera en recibir las novedades m\u00e1s exclusivas.<\/p>\t\t\t\t\t\t\t\t<\/div>\n\t\t\t\t<\/div>\n\t\t\t\t<div class=\"elementor-element elementor-element-6f5d01df elementor-widget__width-inherit elementor-button-align-stretch elementor-widget elementor-widget-form\" data-id=\"6f5d01df\" data-element_type=\"widget\" data-e-type=\"widget\" data-settings=\"{&quot;step_next_label&quot;:&quot;Next&quot;,&quot;step_previous_label&quot;:&quot;Previous&quot;,&quot;button_width&quot;:&quot;33&quot;,&quot;step_type&quot;:&quot;number_text&quot;,&quot;step_icon_shape&quot;:&quot;circle&quot;}\" data-widget_type=\"form.default\">\n\t\t\t\t<div class=\"elementor-widget-container\">\n\t\t\t\t\t\t\t<form class=\"elementor-form\" method=\"post\" name=\"Newsletter Form\">\n\t\t\t<input type=\"hidden\" name=\"post_id\" value=\"244\"\/>\n\t\t\t<input type=\"hidden\" name=\"form_id\" value=\"6f5d01df\"\/>\n\t\t\t<input type=\"hidden\" name=\"referer_title\" value=\"Blog - Ester NIcola\" \/>\n\n\t\t\t\t\t\t\t<input type=\"hidden\" name=\"queried_id\" value=\"244\"\/>\n\t\t\t\n\t\t\t<div class=\"elementor-form-fields-wrapper elementor-labels-\">\n\t\t\t\t\t\t\t\t<div class=\"elementor-field-type-text elementor-field-group elementor-column elementor-field-group-field_7a6d165 elementor-col-33\">\n\t\t\t\t\t\t\t\t\t\t\t\t<label for=\"form-field-field_7a6d165\" class=\"elementor-field-label elementor-screen-only\">\n\t\t\t\t\t\t\t\tNombre\t\t\t\t\t\t\t<\/label>\n\t\t\t\t\t\t\t\t\t\t\t\t\t\t<input size=\"1\" type=\"text\" name=\"form_fields[field_7a6d165]\" id=\"form-field-field_7a6d165\" class=\"elementor-field elementor-size-sm  elementor-field-textual\" placeholder=\"Nombre\">\n\t\t\t\t\t\t\t\t\t\t\t<\/div>\n\t\t\t\t\t\t\t\t<div class=\"elementor-field-type-email elementor-field-group elementor-column elementor-field-group-email elementor-col-33 elementor-field-required\">\n\t\t\t\t\t\t\t\t\t\t\t\t<label for=\"form-field-email\" class=\"elementor-field-label elementor-screen-only\">\n\t\t\t\t\t\t\t\tEmail\t\t\t\t\t\t\t<\/label>\n\t\t\t\t\t\t\t\t\t\t\t\t\t\t<input size=\"1\" type=\"email\" name=\"form_fields[email]\" id=\"form-field-email\" class=\"elementor-field elementor-size-sm  elementor-field-textual\" placeholder=\"Email\" required=\"required\">\n\t\t\t\t\t\t\t\t\t\t\t<\/div>\n\t\t\t\t\t\t\t\t<div class=\"elementor-field-type-acceptance elementor-field-group elementor-column elementor-field-group-field_bce4e43 elementor-col-100 elementor-field-required\">\n\t\t\t\t\t\t\t<div class=\"elementor-field-subgroup\">\n\t\t\t<span class=\"elementor-field-option\">\n\t\t\t\t<input type=\"checkbox\" name=\"form_fields[field_bce4e43]\" id=\"form-field-field_bce4e43\" class=\"elementor-field elementor-size-sm  elementor-acceptance-field\" required=\"required\">\n\t\t\t\t<label for=\"form-field-field_bce4e43\">He le\u00eddo y acepto la Pol\u00edtica de Privacidad<\/label>\t\t\t<\/span>\n\t\t<\/div>\n\t\t\t\t\t\t<\/div>\n\t\t\t\t\t\t\t\t<div class=\"elementor-field-group elementor-column elementor-field-type-submit elementor-col-33 e-form__buttons\">\n\t\t\t\t\t<button class=\"elementor-button elementor-size-lg\" type=\"submit\">\n\t\t\t\t\t\t<span class=\"elementor-button-content-wrapper\">\n\t\t\t\t\t\t\t\t\t\t\t\t\t\t\t\t\t\t\t\t\t\t<span class=\"elementor-button-text\">Enviar<\/span>\n\t\t\t\t\t\t\t\t\t\t\t\t\t<\/span>\n\t\t\t\t\t<\/button>\n\t\t\t\t<\/div>\n\t\t\t<\/div>\n\t\t<\/form>\n\t\t\t\t\t\t<\/div>\n\t\t\t\t<\/div>\n\t\t\t\t\t<\/div>\n\t\t\t\t<\/footer>\n\t\t\t\t<\/div>\n\t\t","protected":false},"excerpt":{"rendered":"<p>BLOG Newsletter is comming&#8230; Estoy<\/p>","protected":false},"author":2,"featured_media":0,"parent":0,"menu_order":0,"comment_status":"closed","ping_status":"closed","template":"elementor_header_footer","meta":{"footnotes":""},"class_list":["post-244","page","type-page","status-publish","hentry"],"yoast_head":"<!-- This site is optimized with the Yoast SEO plugin v27.5 - https:\/\/yoast.com\/product\/yoast-seo-wordpress\/ -->\n<title>Blog - Ester NIcola<\/title>\n<meta name=\"description\" content=\"Hablaremos sobre la autoestima, la dependencia emocional y las relaciones de pareja para que tengas un enfoque diferente.\" \/>\n<meta name=\"robots\" content=\"index, follow, max-snippet:-1, max-image-preview:large, max-video-preview:-1\" \/>\n<link rel=\"canonical\" href=\"https:\/\/esternicola.com\/cat\/autoestima-dependencia-emocional\/\" \/>\n<meta property=\"og:locale\" content=\"ca_ES\" \/>\n<meta property=\"og:type\" content=\"article\" \/>\n<meta property=\"og:title\" content=\"Blog - Ester NIcola\" \/>\n<meta property=\"og:description\" content=\"Hablaremos sobre la autoestima, la dependencia emocional y las relaciones de pareja para que tengas un enfoque diferente.\" \/>\n<meta property=\"og:url\" content=\"https:\/\/esternicola.com\/cat\/autoestima-dependencia-emocional\/\" \/>\n<meta property=\"og:site_name\" content=\"Ester NIcola\" \/>\n<meta property=\"article:modified_time\" content=\"2025-01-05T16:44:26+00:00\" \/>\n<meta name=\"twitter:card\" content=\"summary_large_image\" \/>\n<meta name=\"twitter:label1\" content=\"Temps estimat de lectura\" \/>\n\t<meta name=\"twitter:data1\" content=\"2 minuts\" \/>\n<script type=\"application\/ld+json\" class=\"yoast-schema-graph\">{\"@context\":\"https:\\\/\\\/schema.org\",\"@graph\":[{\"@type\":\"WebPage\",\"@id\":\"https:\\\/\\\/esternicola.com\\\/autoestima-dependencia-emocional\\\/\",\"url\":\"https:\\\/\\\/esternicola.com\\\/autoestima-dependencia-emocional\\\/\",\"name\":\"Blog - Ester NIcola\",\"isPartOf\":{\"@id\":\"https:\\\/\\\/esternicola.com\\\/#website\"},\"datePublished\":\"2024-06-03T15:14:02+00:00\",\"dateModified\":\"2025-01-05T16:44:26+00:00\",\"description\":\"Hablaremos sobre la autoestima, la dependencia emocional y las relaciones de pareja para que tengas un enfoque diferente.\",\"breadcrumb\":{\"@id\":\"https:\\\/\\\/esternicola.com\\\/autoestima-dependencia-emocional\\\/#breadcrumb\"},\"inLanguage\":\"ca\",\"potentialAction\":[{\"@type\":\"ReadAction\",\"target\":[\"https:\\\/\\\/esternicola.com\\\/autoestima-dependencia-emocional\\\/\"]}]},{\"@type\":\"BreadcrumbList\",\"@id\":\"https:\\\/\\\/esternicola.com\\\/autoestima-dependencia-emocional\\\/#breadcrumb\",\"itemListElement\":[{\"@type\":\"ListItem\",\"position\":1,\"name\":\"Portada\",\"item\":\"https:\\\/\\\/esternicola.com\\\/\"},{\"@type\":\"ListItem\",\"position\":2,\"name\":\"Blog\"}]},{\"@type\":\"WebSite\",\"@id\":\"https:\\\/\\\/esternicola.com\\\/#website\",\"url\":\"https:\\\/\\\/esternicola.com\\\/\",\"name\":\"Ester NIcola\",\"description\":\"Mejora tus relaciones y fortalece tu autoestima\",\"publisher\":{\"@id\":\"https:\\\/\\\/esternicola.com\\\/#organization\"},\"potentialAction\":[{\"@type\":\"SearchAction\",\"target\":{\"@type\":\"EntryPoint\",\"urlTemplate\":\"https:\\\/\\\/esternicola.com\\\/?s={search_term_string}\"},\"query-input\":{\"@type\":\"PropertyValueSpecification\",\"valueRequired\":true,\"valueName\":\"search_term_string\"}}],\"inLanguage\":\"ca\"},{\"@type\":\"Organization\",\"@id\":\"https:\\\/\\\/esternicola.com\\\/#organization\",\"name\":\"Ester NIcola\",\"url\":\"https:\\\/\\\/esternicola.com\\\/\",\"logo\":{\"@type\":\"ImageObject\",\"inLanguage\":\"ca\",\"@id\":\"https:\\\/\\\/esternicola.com\\\/#\\\/schema\\\/logo\\\/image\\\/\",\"url\":\"https:\\\/\\\/esternicola.com\\\/wp-content\\\/uploads\\\/Ester-nicola-Coach-2-copia-3.png\",\"contentUrl\":\"https:\\\/\\\/esternicola.com\\\/wp-content\\\/uploads\\\/Ester-nicola-Coach-2-copia-3.png\",\"width\":500,\"height\":500,\"caption\":\"Ester NIcola\"},\"image\":{\"@id\":\"https:\\\/\\\/esternicola.com\\\/#\\\/schema\\\/logo\\\/image\\\/\"}}]}<\/script>\n<!-- \/ Yoast SEO plugin. -->","yoast_head_json":{"title":"Blog - Ester NIcola","description":"Hablaremos sobre la autoestima, la dependencia emocional y las relaciones de pareja para que tengas un enfoque diferente.","robots":{"index":"index","follow":"follow","max-snippet":"max-snippet:-1","max-image-preview":"max-image-preview:large","max-video-preview":"max-video-preview:-1"},"canonical":"https:\/\/esternicola.com\/cat\/autoestima-dependencia-emocional\/","og_locale":"ca_ES","og_type":"article","og_title":"Blog - Ester NIcola","og_description":"Hablaremos sobre la autoestima, la dependencia emocional y las relaciones de pareja para que tengas un enfoque diferente.","og_url":"https:\/\/esternicola.com\/cat\/autoestima-dependencia-emocional\/","og_site_name":"Ester NIcola","article_modified_time":"2025-01-05T16:44:26+00:00","twitter_card":"summary_large_image","twitter_misc":{"Temps estimat de lectura":"2 minuts"},"schema":{"@context":"https:\/\/schema.org","@graph":[{"@type":"WebPage","@id":"https:\/\/esternicola.com\/autoestima-dependencia-emocional\/","url":"https:\/\/esternicola.com\/autoestima-dependencia-emocional\/","name":"Blog - Ester NIcola","isPartOf":{"@id":"https:\/\/esternicola.com\/#website"},"datePublished":"2024-06-03T15:14:02+00:00","dateModified":"2025-01-05T16:44:26+00:00","description":"Hablaremos sobre la autoestima, la dependencia emocional y las relaciones de pareja para que tengas un enfoque diferente.","breadcrumb":{"@id":"https:\/\/esternicola.com\/autoestima-dependencia-emocional\/#breadcrumb"},"inLanguage":"ca","potentialAction":[{"@type":"ReadAction","target":["https:\/\/esternicola.com\/autoestima-dependencia-emocional\/"]}]},{"@type":"BreadcrumbList","@id":"https:\/\/esternicola.com\/autoestima-dependencia-emocional\/#breadcrumb","itemListElement":[{"@type":"ListItem","position":1,"name":"Portada","item":"https:\/\/esternicola.com\/"},{"@type":"ListItem","position":2,"name":"Blog"}]},{"@type":"WebSite","@id":"https:\/\/esternicola.com\/#website","url":"https:\/\/esternicola.com\/","name":"Ester NIcola","description":"Mejora tus relaciones y fortalece tu autoestima","publisher":{"@id":"https:\/\/esternicola.com\/#organization"},"potentialAction":[{"@type":"SearchAction","target":{"@type":"EntryPoint","urlTemplate":"https:\/\/esternicola.com\/?s={search_term_string}"},"query-input":{"@type":"PropertyValueSpecification","valueRequired":true,"valueName":"search_term_string"}}],"inLanguage":"ca"},{"@type":"Organization","@id":"https:\/\/esternicola.com\/#organization","name":"Ester NIcola","url":"https:\/\/esternicola.com\/","logo":{"@type":"ImageObject","inLanguage":"ca","@id":"https:\/\/esternicola.com\/#\/schema\/logo\/image\/","url":"https:\/\/esternicola.com\/wp-content\/uploads\/Ester-nicola-Coach-2-copia-3.png","contentUrl":"https:\/\/esternicola.com\/wp-content\/uploads\/Ester-nicola-Coach-2-copia-3.png","width":500,"height":500,"caption":"Ester NIcola"},"image":{"@id":"https:\/\/esternicola.com\/#\/schema\/logo\/image\/"}}]}},"_links":{"self":[{"href":"https:\/\/esternicola.com\/cat\/wp-json\/wp\/v2\/pages\/244","targetHints":{"allow":["GET"]}}],"collection":[{"href":"https:\/\/esternicola.com\/cat\/wp-json\/wp\/v2\/pages"}],"about":[{"href":"https:\/\/esternicola.com\/cat\/wp-json\/wp\/v2\/types\/page"}],"author":[{"embeddable":true,"href":"https:\/\/esternicola.com\/cat\/wp-json\/wp\/v2\/users\/2"}],"replies":[{"embeddable":true,"href":"https:\/\/esternicola.com\/cat\/wp-json\/wp\/v2\/comments?post=244"}],"version-history":[{"count":64,"href":"https:\/\/esternicola.com\/cat\/wp-json\/wp\/v2\/pages\/244\/revisions"}],"predecessor-version":[{"id":1402,"href":"https:\/\/esternicola.com\/cat\/wp-json\/wp\/v2\/pages\/244\/revisions\/1402"}],"wp:attachment":[{"href":"https:\/\/esternicola.com\/cat\/wp-json\/wp\/v2\/media?parent=244"}],"curies":[{"name":"wp","href":"https:\/\/api.w.org\/{rel}","templated":true}]}}