{"id":101,"date":"2024-06-02T09:42:00","date_gmt":"2024-06-02T09:42:00","guid":{"rendered":"https:\/\/esternicola.com\/?page_id=101"},"modified":"2024-08-02T07:29:35","modified_gmt":"2024-08-02T07:29:35","slug":"politica-de-cookies","status":"publish","type":"page","link":"https:\/\/esternicola.com\/cat\/politica-de-cookies\/","title":{"rendered":"Pol\u00edtica de Cookies"},"content":{"rendered":"<div data-elementor-type=\"wp-post\" data-elementor-id=\"101\" class=\"elementor elementor-101\" data-elementor-post-type=\"page\">\n\t\t\t\t<div class=\"elementor-element elementor-element-c3af9ff e-flex e-con-boxed e-con e-parent\" data-id=\"c3af9ff\" data-element_type=\"container\" data-e-type=\"container\">\n\t\t\t\t\t<div class=\"e-con-inner\">\n\t\t\t\t<div class=\"elementor-element elementor-element-44868c4 elementor-widget elementor-widget-text-editor\" data-id=\"44868c4\" data-element_type=\"widget\" data-e-type=\"widget\" data-widget_type=\"text-editor.default\">\n\t\t\t\t<div class=\"elementor-widget-container\">\n\t\t\t\t\t\t\t\t\t<p>Esta p\u00e1gina web no utiliza cookies para recoger informaci\u00f3n de las personas usuarias. \u00danicamente se utilizan cookies propias, de sesi\u00f3n, con finalidad t\u00e9cnica (aquellas que permiten a la persona usuaria la navegaci\u00f3n a trav\u00e9s del sitio web y la utilizaci\u00f3n de las diferentes opciones y servicios que en ella existen).<\/p><p>El portal del que es titular Ester Nicola \u00a0contiene enlaces a sitios web de terceros, cuyas pol\u00edticas de privacidad son ajenas a la de la Ester Nicola. Al acceder a tales sitios web usted puede decidir si acepta sus pol\u00edticas de privacidad y de cookies. Con car\u00e1cter general, si navega por internet usted puede aceptar o rechazar las cookies de terceros desde las opciones de configuraci\u00f3n de su navegador.<\/p>\t\t\t\t\t\t\t\t<\/div>\n\t\t\t\t<\/div>\n\t\t\t\t\t<\/div>\n\t\t\t\t<\/div>\n\t\t\t\t<\/div>","protected":false},"excerpt":{"rendered":"<p>Esta p\u00e1gina web no utiliza cookies para recoger informaci\u00f3n de las personas usuarias. \u00danicamente se utilizan cookies propias, de sesi\u00f3n, con finalidad t\u00e9cnica (aquellas que permiten a la persona usuaria la navegaci\u00f3n a trav\u00e9s del sitio web y la utilizaci\u00f3n de las diferentes opciones y servicios que en ella existen). El portal del que es [&hellip;]<\/p>\n","protected":false},"author":2,"featured_media":0,"parent":0,"menu_order":0,"comment_status":"closed","ping_status":"closed","template":"elementor_header_footer","meta":{"footnotes":""},"class_list":["post-101","page","type-page","status-publish","hentry"],"yoast_head":"<!-- This site is optimized with the Yoast SEO plugin v27.5 - https:\/\/yoast.com\/product\/yoast-seo-wordpress\/ -->\n<title>Pol\u00edtica de Cookies - Ester NIcola<\/title>\n<meta name=\"robots\" content=\"noindex, follow\" \/>\n<meta property=\"og:locale\" content=\"ca_ES\" \/>\n<meta property=\"og:type\" content=\"article\" \/>\n<meta property=\"og:title\" content=\"Pol\u00edtica de Cookies - Ester NIcola\" \/>\n<meta property=\"og:description\" content=\"Esta p\u00e1gina web no utiliza cookies para recoger informaci\u00f3n de las personas usuarias. \u00danicamente se utilizan cookies propias, de sesi\u00f3n, con finalidad t\u00e9cnica (aquellas que permiten a la persona usuaria la navegaci\u00f3n a trav\u00e9s del sitio web y la utilizaci\u00f3n de las diferentes opciones y servicios que en ella existen). El portal del que es [&hellip;]\" \/>\n<meta property=\"og:url\" content=\"https:\/\/esternicola.com\/cat\/politica-de-cookies\/\" \/>\n<meta property=\"og:site_name\" content=\"Ester NIcola\" \/>\n<meta property=\"article:modified_time\" content=\"2024-08-02T07:29:35+00:00\" \/>\n<meta name=\"twitter:card\" content=\"summary_large_image\" \/>\n<meta name=\"twitter:label1\" content=\"Temps estimat de lectura\" \/>\n\t<meta name=\"twitter:data1\" content=\"1 minut\" \/>\n<script type=\"application\/ld+json\" class=\"yoast-schema-graph\">{\"@context\":\"https:\\\/\\\/schema.org\",\"@graph\":[{\"@type\":\"WebPage\",\"@id\":\"https:\\\/\\\/esternicola.com\\\/politica-de-cookies\\\/\",\"url\":\"https:\\\/\\\/esternicola.com\\\/politica-de-cookies\\\/\",\"name\":\"Pol\u00edtica de Cookies - Ester NIcola\",\"isPartOf\":{\"@id\":\"https:\\\/\\\/esternicola.com\\\/#website\"},\"datePublished\":\"2024-06-02T09:42:00+00:00\",\"dateModified\":\"2024-08-02T07:29:35+00:00\",\"breadcrumb\":{\"@id\":\"https:\\\/\\\/esternicola.com\\\/politica-de-cookies\\\/#breadcrumb\"},\"inLanguage\":\"ca\",\"potentialAction\":[{\"@type\":\"ReadAction\",\"target\":[\"https:\\\/\\\/esternicola.com\\\/politica-de-cookies\\\/\"]}]},{\"@type\":\"BreadcrumbList\",\"@id\":\"https:\\\/\\\/esternicola.com\\\/politica-de-cookies\\\/#breadcrumb\",\"itemListElement\":[{\"@type\":\"ListItem\",\"position\":1,\"name\":\"Portada\",\"item\":\"https:\\\/\\\/esternicola.com\\\/\"},{\"@type\":\"ListItem\",\"position\":2,\"name\":\"Pol\u00edtica de Cookies\"}]},{\"@type\":\"WebSite\",\"@id\":\"https:\\\/\\\/esternicola.com\\\/#website\",\"url\":\"https:\\\/\\\/esternicola.com\\\/\",\"name\":\"Ester NIcola\",\"description\":\"Mejora tus relaciones y fortalece tu autoestima\",\"publisher\":{\"@id\":\"https:\\\/\\\/esternicola.com\\\/#organization\"},\"potentialAction\":[{\"@type\":\"SearchAction\",\"target\":{\"@type\":\"EntryPoint\",\"urlTemplate\":\"https:\\\/\\\/esternicola.com\\\/?s={search_term_string}\"},\"query-input\":{\"@type\":\"PropertyValueSpecification\",\"valueRequired\":true,\"valueName\":\"search_term_string\"}}],\"inLanguage\":\"ca\"},{\"@type\":\"Organization\",\"@id\":\"https:\\\/\\\/esternicola.com\\\/#organization\",\"name\":\"Ester NIcola\",\"url\":\"https:\\\/\\\/esternicola.com\\\/\",\"logo\":{\"@type\":\"ImageObject\",\"inLanguage\":\"ca\",\"@id\":\"https:\\\/\\\/esternicola.com\\\/#\\\/schema\\\/logo\\\/image\\\/\",\"url\":\"https:\\\/\\\/esternicola.com\\\/wp-content\\\/uploads\\\/Ester-nicola-Coach-2-copia-3.png\",\"contentUrl\":\"https:\\\/\\\/esternicola.com\\\/wp-content\\\/uploads\\\/Ester-nicola-Coach-2-copia-3.png\",\"width\":500,\"height\":500,\"caption\":\"Ester NIcola\"},\"image\":{\"@id\":\"https:\\\/\\\/esternicola.com\\\/#\\\/schema\\\/logo\\\/image\\\/\"}}]}<\/script>\n<!-- \/ Yoast SEO plugin. -->","yoast_head_json":{"title":"Pol\u00edtica de Cookies - Ester NIcola","robots":{"index":"noindex","follow":"follow"},"og_locale":"ca_ES","og_type":"article","og_title":"Pol\u00edtica de Cookies - Ester NIcola","og_description":"Esta p\u00e1gina web no utiliza cookies para recoger informaci\u00f3n de las personas usuarias. \u00danicamente se utilizan cookies propias, de sesi\u00f3n, con finalidad t\u00e9cnica (aquellas que permiten a la persona usuaria la navegaci\u00f3n a trav\u00e9s del sitio web y la utilizaci\u00f3n de las diferentes opciones y servicios que en ella existen). El portal del que es [&hellip;]","og_url":"https:\/\/esternicola.com\/cat\/politica-de-cookies\/","og_site_name":"Ester NIcola","article_modified_time":"2024-08-02T07:29:35+00:00","twitter_card":"summary_large_image","twitter_misc":{"Temps estimat de lectura":"1 minut"},"schema":{"@context":"https:\/\/schema.org","@graph":[{"@type":"WebPage","@id":"https:\/\/esternicola.com\/politica-de-cookies\/","url":"https:\/\/esternicola.com\/politica-de-cookies\/","name":"Pol\u00edtica de Cookies - Ester NIcola","isPartOf":{"@id":"https:\/\/esternicola.com\/#website"},"datePublished":"2024-06-02T09:42:00+00:00","dateModified":"2024-08-02T07:29:35+00:00","breadcrumb":{"@id":"https:\/\/esternicola.com\/politica-de-cookies\/#breadcrumb"},"inLanguage":"ca","potentialAction":[{"@type":"ReadAction","target":["https:\/\/esternicola.com\/politica-de-cookies\/"]}]},{"@type":"BreadcrumbList","@id":"https:\/\/esternicola.com\/politica-de-cookies\/#breadcrumb","itemListElement":[{"@type":"ListItem","position":1,"name":"Portada","item":"https:\/\/esternicola.com\/"},{"@type":"ListItem","position":2,"name":"Pol\u00edtica de Cookies"}]},{"@type":"WebSite","@id":"https:\/\/esternicola.com\/#website","url":"https:\/\/esternicola.com\/","name":"Ester NIcola","description":"Mejora tus relaciones y fortalece tu autoestima","publisher":{"@id":"https:\/\/esternicola.com\/#organization"},"potentialAction":[{"@type":"SearchAction","target":{"@type":"EntryPoint","urlTemplate":"https:\/\/esternicola.com\/?s={search_term_string}"},"query-input":{"@type":"PropertyValueSpecification","valueRequired":true,"valueName":"search_term_string"}}],"inLanguage":"ca"},{"@type":"Organization","@id":"https:\/\/esternicola.com\/#organization","name":"Ester NIcola","url":"https:\/\/esternicola.com\/","logo":{"@type":"ImageObject","inLanguage":"ca","@id":"https:\/\/esternicola.com\/#\/schema\/logo\/image\/","url":"https:\/\/esternicola.com\/wp-content\/uploads\/Ester-nicola-Coach-2-copia-3.png","contentUrl":"https:\/\/esternicola.com\/wp-content\/uploads\/Ester-nicola-Coach-2-copia-3.png","width":500,"height":500,"caption":"Ester NIcola"},"image":{"@id":"https:\/\/esternicola.com\/#\/schema\/logo\/image\/"}}]}},"_links":{"self":[{"href":"https:\/\/esternicola.com\/cat\/wp-json\/wp\/v2\/pages\/101","targetHints":{"allow":["GET"]}}],"collection":[{"href":"https:\/\/esternicola.com\/cat\/wp-json\/wp\/v2\/pages"}],"about":[{"href":"https:\/\/esternicola.com\/cat\/wp-json\/wp\/v2\/types\/page"}],"author":[{"embeddable":true,"href":"https:\/\/esternicola.com\/cat\/wp-json\/wp\/v2\/users\/2"}],"replies":[{"embeddable":true,"href":"https:\/\/esternicola.com\/cat\/wp-json\/wp\/v2\/comments?post=101"}],"version-history":[{"count":11,"href":"https:\/\/esternicola.com\/cat\/wp-json\/wp\/v2\/pages\/101\/revisions"}],"predecessor-version":[{"id":312,"href":"https:\/\/esternicola.com\/cat\/wp-json\/wp\/v2\/pages\/101\/revisions\/312"}],"wp:attachment":[{"href":"https:\/\/esternicola.com\/cat\/wp-json\/wp\/v2\/media?parent=101"}],"curies":[{"name":"wp","href":"https:\/\/api.w.org\/{rel}","templated":true}]}}